{"id":182,"date":"2016-07-13T10:08:13","date_gmt":"2016-07-13T10:08:13","guid":{"rendered":"http:\/\/nadahercegnovi.me\/?page_id=182"},"modified":"2016-07-14T00:50:14","modified_gmt":"2016-07-14T00:50:14","slug":"medunarodna","status":"publish","type":"page","link":"https:\/\/nadahercegnovi.me\/?page_id=182","title":{"rendered":"Me\u0111unarodna"},"content":{"rendered":"<p>Bela Knjiga o interkulturalnom dijalogu<\/p>\n<p>&nbsp;<\/p>\n<p><a href=\"http:\/\/nadahercegnovi.me\/wp-content\/uploads\/2016\/07\/BelaKnjigaoInterKulturnomDijalogu.pdf\">Skini Fajl<\/a><\/p>\n<p>&nbsp;<\/p>\n<p>Evropska povelja o rodnoj ravnopravnosti<\/p>\n<p>&nbsp;<\/p>\n<p><a href=\"http:\/\/nadahercegnovi.me\/wp-content\/uploads\/2016\/07\/Evropska-povelja-o-rodnoj-ravnopravnosti.pdf\">Skini Fajl<\/a><\/p>\n<p>&nbsp;<\/p>\n<p>Evropska povelja o lokalnoj samoupravi<\/p>\n<p>&nbsp;<\/p>\n<p><a href=\"http:\/\/nadahercegnovi.me\/wp-content\/uploads\/2016\/07\/Evropska_povelja_o_lokalnoj_samoupravi.pdf\">Skini Fajl<\/a><\/p>\n<p>&nbsp;<\/p>\n<p>Evropska povelja o u\u010de\u0161\u0107u mladih<\/p>\n<p>&nbsp;<\/p>\n<p><a href=\"http:\/\/nadahercegnovi.me\/wp-content\/uploads\/2016\/07\/Evropska_povelja_o_ucescu_mladih.pdf\">Skini Fajl<\/a><\/p>\n<p>&nbsp;<\/p>\n<p>Evropska povelja o regionalnim i manjinskim jezicima<\/p>\n<p>&nbsp;<\/p>\n<p><a href=\"http:\/\/nadahercegnovi.me\/wp-content\/uploads\/2016\/07\/Evropska-povelja-o-regionalnim-i-manjinskim-jezicima.pdf\">Skini Fajl<\/a><\/p>\n<p>&nbsp;<\/p>\n<p>Me\u0111unarodni pakt o gra\u0111anskim i politi\u010dkim pravima<\/p>\n<p>&nbsp;<\/p>\n<p><a href=\"http:\/\/nadahercegnovi.me\/wp-content\/uploads\/2016\/07\/Me%C4%91unarodni-pakt-o-gra%C4%91anskim-i-politi%C4%8Dkim-pravima-BIntCovCivilPoliticalRights.pdf\">Skini Fajl<\/a><\/p>\n<p>&nbsp;<\/p>\n<p>Univerzalna deklaracija o pravima \u010dovjeka<\/p>\n<p>&nbsp;<\/p>\n<p><a href=\"http:\/\/nadahercegnovi.me\/wp-content\/uploads\/2016\/07\/Op%C5%A1ta_deklaracija_o_pravima_coveka.pdf\">Skini Fajl<\/a><\/p>\n<p>&nbsp;<\/p>\n<p>Ugovor o funkcionisanju Evropske Unije<\/p>\n<p>&nbsp;<\/p>\n<p><a href=\"http:\/\/nadahercegnovi.me\/wp-content\/uploads\/2016\/07\/Ugovor_o_funkcionisanju_EU.pdf\">Skini Fajl<\/a><\/p>\n<p>&nbsp;<\/p>\n<p>Zakon o potvr\u0111ivanju Evropske povelje o lokalnoj samoupravi<\/p>\n<p>&nbsp;<\/p>\n<p><a href=\"http:\/\/nadahercegnovi.me\/wp-content\/uploads\/2016\/07\/Zakon-o-potvr%C4%91ivanju-evropske-povelje-o-lokalnoj-samoupravi.pdf\">Skini Fajl<\/a><\/p>\n<p>&nbsp;<\/p>\n","protected":false},"excerpt":{"rendered":"<p>Bela Knjiga o interkulturalnom dijalogu &nbsp; Skini Fajl &nbsp; Evropska povelja o rodnoj ravnopravnosti &nbsp; Skini Fajl &nbsp; Evropska povelja o lokalnoj samoupravi &nbsp; Skini Fajl &nbsp; Evropska povelja o &hellip; <a class=\"readmore\" href=\"https:\/\/nadahercegnovi.me\/?page_id=182\">Continue Reading \u2192<\/a><\/p>\n","protected":false},"author":1,"featured_media":0,"parent":0,"menu_order":0,"comment_status":"closed","ping_status":"closed","template":"","meta":{"ngg_post_thumbnail":0},"_links":{"self":[{"href":"https:\/\/nadahercegnovi.me\/index.php?rest_route=\/wp\/v2\/pages\/182"}],"collection":[{"href":"https:\/\/nadahercegnovi.me\/index.php?rest_route=\/wp\/v2\/pages"}],"about":[{"href":"https:\/\/nadahercegnovi.me\/index.php?rest_route=\/wp\/v2\/types\/page"}],"author":[{"embeddable":true,"href":"https:\/\/nadahercegnovi.me\/index.php?rest_route=\/wp\/v2\/users\/1"}],"replies":[{"embeddable":true,"href":"https:\/\/nadahercegnovi.me\/index.php?rest_route=%2Fwp%2Fv2%2Fcomments&post=182"}],"version-history":[{"count":2,"href":"https:\/\/nadahercegnovi.me\/index.php?rest_route=\/wp\/v2\/pages\/182\/revisions"}],"predecessor-version":[{"id":244,"href":"https:\/\/nadahercegnovi.me\/index.php?rest_route=\/wp\/v2\/pages\/182\/revisions\/244"}],"wp:attachment":[{"href":"https:\/\/nadahercegnovi.me\/index.php?rest_route=%2Fwp%2Fv2%2Fmedia&parent=182"}],"curies":[{"name":"wp","href":"https:\/\/api.w.org\/{rel}","templated":true}]}}