{"id":217,"date":"2016-07-13T11:03:00","date_gmt":"2016-07-13T11:03:00","guid":{"rendered":"http:\/\/nadahercegnovi.me\/?page_id=217"},"modified":"2019-02-07T10:19:48","modified_gmt":"2019-02-07T10:19:48","slug":"zakoni","status":"publish","type":"page","link":"https:\/\/nadahercegnovi.me\/?page_id=217","title":{"rendered":"Zakoni"},"content":{"rendered":"<p>Ustav Crne Gore<\/p>\n<p>&nbsp;<\/p>\n<p><a href=\"http:\/\/nadahercegnovi.me\/wp-content\/uploads\/2016\/07\/ustav_cg-1.doc\">Skini Fajl<\/a><\/p>\n<p>&nbsp;<\/p>\n<p>Zakon o lokalnoj samoupravi<\/p>\n<p>&nbsp;<\/p>\n<p><a href=\"http:\/\/nadahercegnovi.me\/wp-content\/uploads\/2016\/07\/zakon_o_lokalnoj_samoupravi.doc\">Skini Fajl<\/a><\/p>\n<p>&nbsp;<\/p>\n<p>Zakon o nevladinim organizacijama<\/p>\n<p>&nbsp;<\/p>\n<p><a href=\"http:\/\/nadahercegnovi.me\/wp-content\/uploads\/2019\/02\/Zakon-o-nevladinim-organizacijama-2017.pdf\">Skini Fajl<\/a><\/p>\n<p>&nbsp;<\/p>\n<p>Zakon o slobodnom pristupu informacijama<\/p>\n<p>&nbsp;<\/p>\n<p><a href=\"http:\/\/nadahercegnovi.me\/wp-content\/uploads\/2019\/02\/Zakon-o-slobodnom-pristupu-informacijama-2017.pdf\">Skini Fajl<\/a><\/p>\n<p>&nbsp;<\/p>\n<p>Zakon o javnim okupljanjima i javnim priredbama<\/p>\n<p>&nbsp;<\/p>\n<p><a href=\"http:\/\/nadahercegnovi.me\/wp-content\/uploads\/2019\/02\/Zakon-o-javnim-okupljanjima-i-javnim-priredbama.pdf\">Skini Fajl<\/a><\/p>\n<p>&nbsp;<\/p>\n<p>Zakon 0 zastiti potrosaca<\/p>\n<p>&nbsp;<\/p>\n<p><a href=\"http:\/\/nadahercegnovi.me\/wp-content\/uploads\/2019\/02\/Zakon-o-zastiti-potrosaca.pdf\">Skini Fajl<\/a><\/p>\n<p>&nbsp;<\/p>\n<p>Zakon o zastiti prirode&nbsp;<\/p>\n<p>&nbsp;<\/p>\n<p><a href=\"http:\/\/nadahercegnovi.me\/wp-content\/uploads\/2019\/02\/Zakon-o-zastiti-prirode-2016.pdf\">Skini Fajl<\/a><\/p>\n<p>&nbsp;<\/p>\n<p>Zakon o zastitniku\/ci ljudskih prava i sloboda Crne Gore<\/p>\n<p>&nbsp;<\/p>\n<p><a href=\"http:\/\/nadahercegnovi.me\/wp-content\/uploads\/2019\/02\/Zakon-o-zastitniku-ci-ljudskih-prava-i-sloboda-Crne-Gore.pdf\">Skini Fajl<\/a><\/p>\n<p>&nbsp;<\/p>\n<p>Zakon o zivotnoj sredini&nbsp;<\/p>\n<p>&nbsp;<\/p>\n<p><a href=\"http:\/\/nadahercegnovi.me\/wp-content\/uploads\/2019\/02\/Zakon-o-zivotnoj-sredini-2016.pdf\">Skini Fajl<\/a><\/p>\n<p>&nbsp;<\/p>\n<p>Zakon o manjinskim pravima i slobodama&nbsp;<\/p>\n<p>&nbsp;<\/p>\n<p><a href=\"http:\/\/nadahercegnovi.me\/wp-content\/uploads\/2019\/02\/Zakon-o-manjinskim-pravima-i-slobodama-2017.pdf\">Skini Fajl<\/a><\/p>\n<p>&nbsp;<\/p>\n<p>Zakon o mladima<\/p>\n<p>&nbsp;<\/p>\n<p><a href=\"http:\/\/nadahercegnovi.me\/wp-content\/uploads\/2019\/02\/Zakon-o-mladima-2018.pdf\">Skini Fajl<\/a><\/p>\n<p>&nbsp;<\/p>\n<p>Zakon o sprjecavanju korupcije&nbsp;<\/p>\n<p>&nbsp;<\/p>\n<p><a href=\"http:\/\/nadahercegnovi.me\/wp-content\/uploads\/2019\/02\/Zakon-o-sprjecavanju-korupcije-2017.pdf\">Skini Fajl<\/a><\/p>\n<p>&nbsp;<\/p>\n<p>Zakon o upravnom postupku<\/p>\n<p>&nbsp;<\/p>\n<p><a href=\"http:\/\/nadahercegnovi.me\/wp-content\/uploads\/2019\/02\/Zakon-o-upravnom-postupku-2017.pdf\">Skini Fajl<\/a><\/p>\n<p>&nbsp;<\/p>\n<p>Zakon o upravnom sporu<\/p>\n<p>&nbsp;<\/p>\n<p><a href=\"http:\/\/nadahercegnovi.me\/wp-content\/uploads\/2019\/02\/Zakon-o-upravnom-sporu-2016.pdf\">Skini Fajl<\/a><\/p>\n<p>&nbsp;<\/p>\n<p><a href=\"http:\/\/nadahercegnovi.me\/wp-content\/uploads\/2016\/07\/Zakon-o-javnim-nabavkama-pre\u010di\u0161\u0107em-tekst-2017-godina-1.pdf\">Zakon-o-javnim-nabavkama-pre\u010di\u0161\u0107em-tekst-2017-godina-1<\/a><\/p>\n<p>&nbsp;<\/p>\n","protected":false},"excerpt":{"rendered":"<p>Ustav Crne Gore &nbsp; Skini Fajl &nbsp; Zakon o lokalnoj samoupravi &nbsp; Skini Fajl &nbsp; Zakon o nevladinim organizacijama &nbsp; Skini Fajl &nbsp; Zakon o slobodnom pristupu informacijama &nbsp; Skini &hellip; <a class=\"readmore\" href=\"https:\/\/nadahercegnovi.me\/?page_id=217\">Continue Reading \u2192<\/a><\/p>\n","protected":false},"author":1,"featured_media":0,"parent":0,"menu_order":0,"comment_status":"closed","ping_status":"closed","template":"","meta":{"ngg_post_thumbnail":0},"_links":{"self":[{"href":"https:\/\/nadahercegnovi.me\/index.php?rest_route=\/wp\/v2\/pages\/217"}],"collection":[{"href":"https:\/\/nadahercegnovi.me\/index.php?rest_route=\/wp\/v2\/pages"}],"about":[{"href":"https:\/\/nadahercegnovi.me\/index.php?rest_route=\/wp\/v2\/types\/page"}],"author":[{"embeddable":true,"href":"https:\/\/nadahercegnovi.me\/index.php?rest_route=\/wp\/v2\/users\/1"}],"replies":[{"embeddable":true,"href":"https:\/\/nadahercegnovi.me\/index.php?rest_route=%2Fwp%2Fv2%2Fcomments&post=217"}],"version-history":[{"count":8,"href":"https:\/\/nadahercegnovi.me\/index.php?rest_route=\/wp\/v2\/pages\/217\/revisions"}],"predecessor-version":[{"id":986,"href":"https:\/\/nadahercegnovi.me\/index.php?rest_route=\/wp\/v2\/pages\/217\/revisions\/986"}],"wp:attachment":[{"href":"https:\/\/nadahercegnovi.me\/index.php?rest_route=%2Fwp%2Fv2%2Fmedia&parent=217"}],"curies":[{"name":"wp","href":"https:\/\/api.w.org\/{rel}","templated":true}]}}