{"id":23,"date":"2016-06-30T13:19:46","date_gmt":"2016-06-30T13:19:46","guid":{"rendered":"http:\/\/nadahercegnovi.me\/?page_id=23"},"modified":"2026-04-27T14:35:42","modified_gmt":"2026-04-27T14:35:42","slug":"o-nama","status":"publish","type":"page","link":"https:\/\/nadahercegnovi.me\/?page_id=23","title":{"rendered":"O nama"},"content":{"rendered":"<p>NVO NADA je nevladina organizacija osnovana 2003. godine s ciljem da doprinese razvoju participativne demokratije. Fokusira se na razvoj lokalne zajednice, volonterizma, civilnog sektora i edukaciju o temama va\u017enim za dru\u0161tveni razvoj i dobrobit gra\u0111ana.<\/p>\n<p>Od januara 2016. godine NVO NADA&nbsp; svoju djelatnost obavlja i kao CRNVO Lokalni resursni centar. Kao lokalni resursni centar za Herceg Novi, Kotor i Tivat. Organizacija pru\u017ea svakodnevnu podr\u0161ku pojedincima i NVO kroz pravne i finansijske savjete, pomo\u0107 pri osnivanju NVO, informisanje o konkursima, pripremu projekata i inicijativa, kao i programe za ja\u010danje kapaciteta, podsti\u010du\u0107i saradnju civilnog sektora i lokalne uprave.<\/p>\n<p><strong>Kao dio nacionalne mre\u017ee resursnih centara<\/strong> koju koordinira <strong>Centar za razvoj nevladinih organizacija (CRNVO)<\/strong>, na\u0161 cilj je ja\u010danje kapaciteta OCD sektora na lokalnom nivou i unapre\u0111enje uslova za njegovo djelovanje.<\/p>\n<p><strong>Misija<\/strong><\/p>\n<p>Na\u0161a misija je da osna\u017eimo organizacije civilnog dru\u0161tva u Boki Kotorskoj kroz pru\u017eanje stru\u010dne podr\u0161ke, edukaciju, savjetovanje i informisanje, \u010dime doprinosimo razvoju participativnog i demokratskog dru\u0161tva.<\/p>\n<p><strong>Vizija<\/strong><\/p>\n<p>Vizija Lokalnog resursnog centra \u201eNADA\u201c jeste dinami\u010dan, povezan i osna\u017een civilni sektor koji aktivno doprinosi razvoju zajednice i u\u010destvuje u oblikovanju javnih politika na lokalnom i nacionalnom nivou.<\/p>\n<p><strong>Na\u0161e usluge:<\/strong><\/p>\n<p><strong>Podr\u0161ka u osnivanju i registraciji NVO-a: <\/strong>Informacije o procedurama osnivanja i registracije nevladinih organizacij; Pravne i finansijske konsultacije u vezi sa radom OCD.<\/p>\n<p><strong>Konsultacije i savjetovanje za razvoj i implementaciju projeka: <\/strong>Informisanje o dostupnim izvorima finansiranja i aktuelnim konkursima;&nbsp;Konsultacije u pripremi projektnih predloga;&nbsp;Konsultacije i savjetovanje u organizaciji javnih doga\u0111aja.<\/p>\n<p><strong>Pristup informacijama: <\/strong>Baza podataka lokalnih NVO-a; Dijeljenje relevantnih zakonskih i strate\u0161kih dokumenata; Biblioteka za OCD (literatura, priru\u010dnici, \u010dasopisi).<\/p>\n<p><strong>Podr\u0161ka za razvoj sektora i saradnje: <\/strong>Informisanje o de\u0161avanjima u sektoru;&nbsp;Konsultovanje u vezi pokretanja lokalnih inicijativa i kampanja; Pra\u0107enje i analiza javnih politika; Besplatno kori\u0161\u0107enje kancelarije za sastanke (do 15 u\u010desnika) uz&nbsp; prijavu i odobrenje.<\/p>\n<p>&nbsp;<\/p>\n<p><strong>STATUT NVO NADA HERCEG NOVI<\/strong><\/p>\n<p><strong> <a href=\"http:\/\/nadahercegnovi.me\/wp-content\/uploads\/2023\/02\/STATUT-NADA-preciscen-tekst-2019.pdf\">STATUT NADA pre\u010di\u0161\u0107en tekst 2019<\/a><\/strong><\/p>\n<p>&nbsp;<\/p>\n<p><strong>GODI\u0160NJI FINANSIJSKI IZVJE\u0160TAJI<\/strong><\/p>\n<p><strong><a href=\"http:\/\/nadahercegnovi.me\/wp-content\/uploads\/2024\/03\/Finansijski-izvjestaj-2016.pdf\">Finansijski izvje\u0161taj 2016<\/a><\/strong><\/p>\n<p><strong><a href=\"http:\/\/nadahercegnovi.me\/wp-content\/uploads\/2024\/03\/Finansijski-izvjestaj-2017.pdf\">Finansijski izvje\u0161taj 2017<\/a><\/strong><\/p>\n<p><strong>&nbsp;<a href=\"http:\/\/nadahercegnovi.me\/wp-content\/uploads\/2016\/06\/Finansijski-izvje\u0161taj-2018.pdf\">Finansijski izvje\u0161taj 2018<\/a><\/strong><\/p>\n<p><strong><a href=\"http:\/\/nadahercegnovi.me\/wp-content\/uploads\/2016\/06\/Finansijski-izvje\u0161taj-2019.pdf\">Finansijski izvje\u0161taj 2019<\/a><\/strong><\/p>\n<p><strong><a href=\"http:\/\/nadahercegnovi.me\/wp-content\/uploads\/2022\/05\/Finansijski-izvjestaj-2020.pdf\">Finansijski izvje\u0161taj 2020<\/a><\/strong><\/p>\n<p><strong><a href=\"http:\/\/nadahercegnovi.me\/wp-content\/uploads\/2022\/05\/Finansijski-izvjestaj-2021.pdf\">Finansijski NADA 2021<\/a><\/strong><\/p>\n<p><strong><a href=\"http:\/\/nadahercegnovi.me\/wp-content\/uploads\/2024\/03\/Finansijski-iskaz-2022.pdf\">Finansijski iskaz 2022<\/a><\/strong><\/p>\n<p><strong><a href=\"http:\/\/nadahercegnovi.me\/wp-content\/uploads\/2024\/03\/Finansijski-iskaz-2023.pdf\">Finansijski iskaz 2023<\/a><\/strong><\/p>\n<p><strong><a href=\"http:\/\/nadahercegnovi.me\/wp-content\/uploads\/2025\/04\/Finansijski-iskazi-2024.pdf\">Finansijski iskazi 2024<\/a><\/strong><\/p>\n<p><strong><a href=\"http:\/\/nadahercegnovi.me\/wp-content\/uploads\/2026\/04\/Finansijski-iskaz-2025-.pdf\">Finansijski iskaz 2025<\/a><\/strong><\/p>\n","protected":false},"excerpt":{"rendered":"<p>NVO NADA je nevladina organizacija osnovana 2003. godine s ciljem da doprinese razvoju participativne demokratije. Fokusira se na razvoj lokalne zajednice, volonterizma, civilnog sektora i edukaciju o temama va\u017enim za &hellip; <a class=\"readmore\" href=\"https:\/\/nadahercegnovi.me\/?page_id=23\">Continue Reading \u2192<\/a><\/p>\n","protected":false},"author":1,"featured_media":0,"parent":0,"menu_order":0,"comment_status":"closed","ping_status":"closed","template":"","meta":{"ngg_post_thumbnail":0},"_links":{"self":[{"href":"https:\/\/nadahercegnovi.me\/index.php?rest_route=\/wp\/v2\/pages\/23"}],"collection":[{"href":"https:\/\/nadahercegnovi.me\/index.php?rest_route=\/wp\/v2\/pages"}],"about":[{"href":"https:\/\/nadahercegnovi.me\/index.php?rest_route=\/wp\/v2\/types\/page"}],"author":[{"embeddable":true,"href":"https:\/\/nadahercegnovi.me\/index.php?rest_route=\/wp\/v2\/users\/1"}],"replies":[{"embeddable":true,"href":"https:\/\/nadahercegnovi.me\/index.php?rest_route=%2Fwp%2Fv2%2Fcomments&post=23"}],"version-history":[{"count":38,"href":"https:\/\/nadahercegnovi.me\/index.php?rest_route=\/wp\/v2\/pages\/23\/revisions"}],"predecessor-version":[{"id":2406,"href":"https:\/\/nadahercegnovi.me\/index.php?rest_route=\/wp\/v2\/pages\/23\/revisions\/2406"}],"wp:attachment":[{"href":"https:\/\/nadahercegnovi.me\/index.php?rest_route=%2Fwp%2Fv2%2Fmedia&parent=23"}],"curies":[{"name":"wp","href":"https:\/\/api.w.org\/{rel}","templated":true}]}}