{"id":47,"date":"2016-07-02T22:16:28","date_gmt":"2016-07-02T22:16:28","guid":{"rendered":"http:\/\/nadahercegnovi.me\/?page_id=47"},"modified":"2019-01-31T10:36:45","modified_gmt":"2019-01-31T10:36:45","slug":"publikacije","status":"publish","type":"page","link":"https:\/\/nadahercegnovi.me\/?page_id=47","title":{"rendered":"Publikacije"},"content":{"rendered":"<p>&nbsp;<\/p>\n<p><img decoding=\"async\" loading=\"lazy\" class=\"alignleft wp-image-933\" src=\"http:\/\/nadahercegnovi.me\/wp-content\/uploads\/2016\/07\/resursnicentar.png\" alt=\"\" width=\"151\" height=\"211\" srcset=\"https:\/\/nadahercegnovi.me\/wp-content\/uploads\/2016\/07\/resursnicentar.png 338w, https:\/\/nadahercegnovi.me\/wp-content\/uploads\/2016\/07\/resursnicentar-214x300.png 214w, https:\/\/nadahercegnovi.me\/wp-content\/uploads\/2016\/07\/resursnicentar-150x210.png 150w\" sizes=\"(max-width: 151px) 100vw, 151px\" \/><strong>Katalog obuka Resursnog Centra<\/strong>&nbsp;<strong>za organizacije civilnog&nbsp;dru\u0161tva<\/strong><\/p>\n<p><a href=\"http:\/\/nadahercegnovi.me\/wp-content\/uploads\/2019\/01\/RC-Katalog-obuka-2019.pdf\">Download PDF<\/a><\/p>\n<p>&nbsp;<\/p>\n<p>&nbsp;<\/p>\n<p>&nbsp;<\/p>\n<p>&nbsp;<\/p>\n<p>&nbsp;<\/p>\n<p><img decoding=\"async\" loading=\"lazy\" class=\"alignleft wp-image-932\" src=\"http:\/\/nadahercegnovi.me\/wp-content\/uploads\/2016\/07\/vodic.png\" alt=\"\" width=\"151\" height=\"216\" srcset=\"https:\/\/nadahercegnovi.me\/wp-content\/uploads\/2016\/07\/vodic.png 339w, https:\/\/nadahercegnovi.me\/wp-content\/uploads\/2016\/07\/vodic-210x300.png 210w, https:\/\/nadahercegnovi.me\/wp-content\/uploads\/2016\/07\/vodic-147x210.png 147w\" sizes=\"(max-width: 151px) 100vw, 151px\" \/><\/p>\n<p><strong>Vodi\u010d za pru\u017eanje usluga Resursnog Centra <\/strong><strong>za organizacije civilnog&nbsp;dru\u0161tva<\/strong><\/p>\n<p><a href=\"http:\/\/nadahercegnovi.me\/wp-content\/uploads\/2019\/01\/RC-Katalog-obuka-2019.pdf\">Download PDF<\/a><\/p>\n<p>&nbsp;<\/p>\n<p>&nbsp;<\/p>\n<p>&nbsp;<\/p>\n<p>&nbsp;<\/p>\n<p>&nbsp;<\/p>\n<p><img decoding=\"async\" loading=\"lazy\" class=\"alignleft wp-image-538\" src=\"http:\/\/nadahercegnovi.me\/wp-content\/uploads\/2016\/07\/flajer.jpg\" alt=\"\" width=\"180\" height=\"182\" srcset=\"https:\/\/nadahercegnovi.me\/wp-content\/uploads\/2016\/07\/flajer.jpg 529w, https:\/\/nadahercegnovi.me\/wp-content\/uploads\/2016\/07\/flajer-297x300.jpg 297w, https:\/\/nadahercegnovi.me\/wp-content\/uploads\/2016\/07\/flajer-208x210.jpg 208w\" sizes=\"(max-width: 180px) 100vw, 180px\" \/><strong>Ja\u010de organizacije civilnoga drustva, ja\u010da demokratija&nbsp;<\/strong><\/p>\n<p>Flajer &#8211; <a href=\"http:\/\/nadahercegnovi.me\/wp-content\/uploads\/2016\/07\/flajer_lrc.pdf\">Download<\/a><\/p>\n<p>&nbsp;<\/p>\n<p>&nbsp;<\/p>\n<p>&nbsp;<\/p>\n<p>&nbsp;<\/p>\n<p>&nbsp;<\/p>\n<p><strong>Izbje\u0161taj o okviru za djelovanje NVO-a na lokalnom nivou<\/strong><strong><img decoding=\"async\" loading=\"lazy\" class=\"alignleft wp-image-540\" src=\"http:\/\/nadahercegnovi.me\/wp-content\/uploads\/2016\/07\/izvjestaj.jpg\" alt=\"\" width=\"186\" height=\"236\" srcset=\"https:\/\/nadahercegnovi.me\/wp-content\/uploads\/2016\/07\/izvjestaj.jpg 426w, https:\/\/nadahercegnovi.me\/wp-content\/uploads\/2016\/07\/izvjestaj-237x300.jpg 237w, https:\/\/nadahercegnovi.me\/wp-content\/uploads\/2016\/07\/izvjestaj-166x210.jpg 166w\" sizes=\"(max-width: 186px) 100vw, 186px\" \/><\/strong><\/p>\n<p><a href=\"http:\/\/nadahercegnovi.me\/wp-content\/uploads\/2016\/07\/izvjestaj_o_okviru_za_djelovanje_nvo_na_lokalnom_nivou_2.pdf\">Download PDF<\/a><\/p>\n<p>&nbsp;<\/p>\n<p>&nbsp;<\/p>\n","protected":false},"excerpt":{"rendered":"<p>&nbsp; Katalog obuka Resursnog Centra&nbsp;za organizacije civilnog&nbsp;dru\u0161tva Download PDF &nbsp; &nbsp; &nbsp; &nbsp; &nbsp; Vodi\u010d za pru\u017eanje usluga Resursnog Centra za organizacije civilnog&nbsp;dru\u0161tva Download PDF &nbsp; &nbsp; &nbsp; &nbsp; &nbsp; &hellip; <a class=\"readmore\" href=\"https:\/\/nadahercegnovi.me\/?page_id=47\">Continue Reading \u2192<\/a><\/p>\n","protected":false},"author":1,"featured_media":0,"parent":0,"menu_order":0,"comment_status":"closed","ping_status":"closed","template":"","meta":{"ngg_post_thumbnail":0},"_links":{"self":[{"href":"https:\/\/nadahercegnovi.me\/index.php?rest_route=\/wp\/v2\/pages\/47"}],"collection":[{"href":"https:\/\/nadahercegnovi.me\/index.php?rest_route=\/wp\/v2\/pages"}],"about":[{"href":"https:\/\/nadahercegnovi.me\/index.php?rest_route=\/wp\/v2\/types\/page"}],"author":[{"embeddable":true,"href":"https:\/\/nadahercegnovi.me\/index.php?rest_route=\/wp\/v2\/users\/1"}],"replies":[{"embeddable":true,"href":"https:\/\/nadahercegnovi.me\/index.php?rest_route=%2Fwp%2Fv2%2Fcomments&post=47"}],"version-history":[{"count":18,"href":"https:\/\/nadahercegnovi.me\/index.php?rest_route=\/wp\/v2\/pages\/47\/revisions"}],"predecessor-version":[{"id":936,"href":"https:\/\/nadahercegnovi.me\/index.php?rest_route=\/wp\/v2\/pages\/47\/revisions\/936"}],"wp:attachment":[{"href":"https:\/\/nadahercegnovi.me\/index.php?rest_route=%2Fwp%2Fv2%2Fmedia&parent=47"}],"curies":[{"name":"wp","href":"https:\/\/api.w.org\/{rel}","templated":true}]}}